{"id":3101,"date":"2024-04-08T05:30:30","date_gmt":"2024-04-08T05:30:30","guid":{"rendered":"http:\/\/clapat-themes.com\/wordpress\/montoya\/?page_id=2"},"modified":"2025-06-26T05:20:03","modified_gmt":"2025-06-26T05:20:03","slug":"somos-originantes","status":"publish","type":"page","link":"https:\/\/somosorigen.online\/site\/somos-originantes\/","title":{"rendered":"Somos Originantes"},"content":{"rendered":"\n<div class=\"wp-block-montoya-gutenberg-container content-row dark-section normal change-header-color has-animation\" data-bgcolor=\"transparent\" style=\"text-align:left\">\n<p class=\"has-white-color has-text-color has-link-color has-large-font-size wp-elements-dce19928f893ea28a667c49cd215e5ce wp-block-paragraph\" style=\"font-style:normal;font-weight:300;letter-spacing:1px\"><sup>Y aqu\u00ed, sin orden ni jerarqu\u00eda, nombramos a quienes son parte de esta historia&#8230;<\/sup><\/p>\n<\/div>\n\n\n\n<div style=\"height:100px\" aria-hidden=\"true\" class=\"wp-block-spacer\"><\/div>\n\n\n\n<div class=\"wp-block-montoya-gutenberg-container content-row dark-section normal has-animation\" data-bgcolor=\"transparent\" style=\"text-align:left\">\n<div class=\"wp-block-columns tw-gutter-large is-layout-flex wp-container-core-columns-is-layout-8f761849 wp-block-columns-is-layout-flex\">\n<div class=\"wp-block-column is-layout-flow wp-block-column-is-layout-flow\" style=\"--col-width:80%;flex-basis:80%\">\n<blockquote class=\"wp-block-quote is-style-default is-layout-flow wp-block-quote-is-layout-flow\">\n<p class=\"has-medium-font-size wp-block-paragraph\" style=\"font-style:normal;font-weight:400\">Origen no naci\u00f3 solo. Naci\u00f3 de la suma de muchos gestos.<br>De manos que ofrecieron tiempo, saberes, paciencia o herramientas.<br>De miradas que alentaron, de silencios que sostuvieron,<br>de corazones que creyeron, a\u00fan sin saber del todo en qu\u00e9.<br><br>A veces fue una c\u00e1mara prestada.<br>A veces, una conversaci\u00f3n a deshoras.<br>O simplemente estar ah\u00ed, sin pedir nada a cambio.<br><br>Cada quien, a su manera, ayud\u00f3 a encender esta llama.<br>Con su ritmo, con su esfuerzo, con su amor.<br>Por eso no hablamos de colaboradores, ni de ayudantes.<br><br>Hablamos de Originantes.<br><br>Porque todos quienes tocaron este proyecto \u2014de forma directa o indirecta\u2014<br>le dieron forma, sentido y vida.<br>Porque sin ellos, Origen no ser\u00eda lo que es.<br><br>Gracias por ser ra\u00edz.<br>Gracias por ser semilla.<br>Gracias por ser parte del origen.<br><br>AB><\/p>\n<\/blockquote>\n<\/div>\n\n\n\n<div class=\"wp-block-column is-layout-flow wp-block-column-is-layout-flow\" style=\"--col-width:20%;flex-basis:20%\">\n<div style=\"height:480px\" aria-hidden=\"true\" class=\"wp-block-spacer\"><\/div>\n\n\n\n<figure class=\"wp-block-image size-full is-resized is-style-default\" id=\"mini-logo\"><img loading=\"lazy\" decoding=\"async\" width=\"512\" height=\"512\" src=\"https:\/\/somosorigen.online\/site\/wp-content\/uploads\/2025\/05\/cropped-Origen_Simbolo_white.png\" alt=\"\" class=\"wp-image-3109\" style=\"width:150px\" srcset=\"https:\/\/somosorigen.online\/site\/wp-content\/uploads\/2025\/05\/cropped-Origen_Simbolo_white.png 512w, https:\/\/somosorigen.online\/site\/wp-content\/uploads\/2025\/05\/cropped-Origen_Simbolo_white-300x300.png 300w, https:\/\/somosorigen.online\/site\/wp-content\/uploads\/2025\/05\/cropped-Origen_Simbolo_white-150x150.png 150w, https:\/\/somosorigen.online\/site\/wp-content\/uploads\/2025\/05\/cropped-Origen_Simbolo_white-270x270.png 270w, https:\/\/somosorigen.online\/site\/wp-content\/uploads\/2025\/05\/cropped-Origen_Simbolo_white-192x192.png 192w, https:\/\/somosorigen.online\/site\/wp-content\/uploads\/2025\/05\/cropped-Origen_Simbolo_white-180x180.png 180w, https:\/\/somosorigen.online\/site\/wp-content\/uploads\/2025\/05\/cropped-Origen_Simbolo_white-32x32.png 32w\" sizes=\"auto, (max-width: 512px) 100vw, 512px\" \/><\/figure>\n<\/div>\n<\/div>\n<\/div>\n\n\n\n<div class=\"wp-block-montoya-gutenberg-container content-row light-section normal\" data-bgcolor=\"transparent\" style=\"text-align:left\">\n<div style=\"height:50px\" aria-hidden=\"true\" class=\"wp-block-spacer\"><\/div>\n\n\n\n<ul class=\"wp-block-list is-style-tw-inline has-white-color has-text-color has-link-color wp-elements-3ab3e1d060cd08ef1b0b9ba9b113e8f2\">\n<li class=\"has-white-color has-text-color has-link-color wp-elements-aec60b81b83f939c408bbc1bbfceb8ea\" style=\"font-style:normal;font-weight:200\">Mauricio Covarrubias Flores.<\/li>\n\n\n\n<li class=\"has-white-color has-text-color has-link-color wp-elements-1b92e35977bfcf23db9a827b28d83c10\" style=\"font-style:normal;font-weight:200\">Alejandro Garc\u00eda Contla.<\/li>\n\n\n\n<li class=\"has-white-color has-text-color has-link-color wp-elements-ff91ed60296ff7bf2b70b2edfcc9f3ba\" style=\"font-style:normal;font-weight:200\">Tet\u00e9 Contreras Cortes.<\/li>\n\n\n\n<li class=\"has-white-color has-text-color has-link-color wp-elements-4cec995f73ca4a7f24874c0f55c07d0a\" style=\"font-style:normal;font-weight:200\">Aytana Pastrana Contreras.<\/li>\n\n\n\n<li class=\"has-white-color has-text-color has-link-color wp-elements-5644d7e6a2e03fc64acf0eb64ca5a778\" style=\"font-style:normal;font-weight:200\">Arturo Salguero Lameda.<\/li>\n\n\n\n<li class=\"has-white-color has-text-color has-link-color wp-elements-a8f9bd08f847073cf1a05b550b15fc3b\" style=\"font-style:normal;font-weight:200\">Fabian Aldave Garrig\u00f3s.<\/li>\n\n\n\n<li class=\"has-white-color has-text-color has-link-color wp-elements-3b686de8183744d0fd9522303f0dbe38\" style=\"font-style:normal;font-weight:200\">Sa\u00fal Sanchez Fuentes.<\/li>\n\n\n\n<li class=\"has-white-color has-text-color has-link-color wp-elements-50f23e325df7fac40c181df4911d20d6\" style=\"font-style:normal;font-weight:200\">Jos\u00e9 Luis Candelas Riestra &#8220;Ponche&#8221;.<\/li>\n\n\n\n<li class=\"has-white-color has-text-color has-link-color wp-elements-86b9d3a94bc91e645a42bb95828fdc4b\" style=\"font-style:normal;font-weight:200\">Erick L\u00f3pez Mc Mahon.<\/li>\n\n\n\n<li class=\"has-white-color has-text-color has-link-color wp-elements-0582609d54139b5daeba60545eae3a99\" style=\"font-style:normal;font-weight:200\">Diana Resendiz Garc\u00eda.<\/li>\n\n\n\n<li class=\"has-white-color has-text-color has-link-color wp-elements-d863c7acec1eb051cff94fb88ccd4d35\" style=\"font-style:normal;font-weight:200\">Poly Ortiz Mena.<\/li>\n<\/ul>\n<\/div>\n\n\n\n<div class=\"wp-block-montoya-gutenberg-moving-thumbs-grid move-thumbs-wrapper\"><div class=\"start-thumbs-caption\"><h5 class=\"primary-font-title big-title has-mask-fil\"><\/h5><p><\/p><\/div><div class=\"start-thumbs-wrapper\">\n<div class=\"start-move-thumb\"><div class=\"move-thumb-inner\"><div class=\"section-image\"><img decoding=\"async\" class=\"item-image\" src=\"https:\/\/somosorigen.online\/site\/wp-content\/uploads\/2025\/06\/IMG_20241130_140914.jpg\" alt=\"\" \/><\/div><\/div><\/div>\n\n\n\n<div class=\"start-move-thumb\"><div class=\"move-thumb-inner\"><div class=\"section-image\"><img decoding=\"async\" class=\"item-image\" src=\"https:\/\/somosorigen.online\/site\/wp-content\/uploads\/2025\/06\/IMG_20241003_194824-e1750903669233.jpg\" alt=\"\" \/><\/div><\/div><\/div>\n\n\n\n<div class=\"start-move-thumb\"><div class=\"move-thumb-inner\"><div class=\"section-image\"><img decoding=\"async\" class=\"item-image\" src=\"https:\/\/somosorigen.online\/site\/wp-content\/uploads\/2025\/06\/IMG_20240903_092915.jpg\" alt=\"\" \/><\/div><\/div><\/div>\n\n\n\n<div class=\"start-move-thumb\"><div class=\"move-thumb-inner\"><div class=\"section-image\"><img decoding=\"async\" class=\"item-image\" src=\"https:\/\/somosorigen.online\/site\/wp-content\/uploads\/2025\/06\/IMG_20240718_214912.jpg\" alt=\"\" \/><\/div><\/div><\/div>\n\n\n\n<div class=\"start-move-thumb\"><div class=\"move-thumb-inner\"><div class=\"section-image\"><img decoding=\"async\" class=\"item-image\" src=\"https:\/\/somosorigen.online\/site\/wp-content\/uploads\/2025\/06\/IMG_20241124_141714-1.jpg\" alt=\"\" \/><\/div><\/div><\/div>\n\n\n\n<div class=\"start-move-thumb\"><div class=\"move-thumb-inner\"><div class=\"section-image\"><img decoding=\"async\" class=\"item-image\" src=\"https:\/\/somosorigen.online\/site\/wp-content\/uploads\/2025\/06\/IMG_20241124_143507.jpg\" alt=\"\" \/><\/div><\/div><\/div>\n\n\n\n<div class=\"start-move-thumb\"><div class=\"move-thumb-inner\"><div class=\"section-image\"><img decoding=\"async\" class=\"item-image\" src=\"https:\/\/somosorigen.online\/site\/wp-content\/uploads\/2025\/06\/IMG-20200422-WA0020.jpg\" alt=\"\" \/><\/div><\/div><\/div>\n\n\n\n<div class=\"start-move-thumb\"><div class=\"move-thumb-inner\"><div class=\"section-image\"><img decoding=\"async\" class=\"item-image\" src=\"https:\/\/somosorigen.online\/site\/wp-content\/uploads\/2025\/06\/received_10155073039680592.jpeg\" alt=\"\" \/><\/div><\/div><\/div>\n\n\n\n<div class=\"start-move-thumb\"><div class=\"move-thumb-inner\"><div class=\"section-image\"><img decoding=\"async\" class=\"item-image\" src=\"https:\/\/somosorigen.online\/site\/wp-content\/uploads\/2025\/06\/37e35731-1048-40f5-887d-2d24d0f4b735.jpg\" alt=\"\" \/><\/div><\/div><\/div>\n\n\n\n<div class=\"start-move-thumb\"><div class=\"move-thumb-inner\"><div class=\"section-image\"><img decoding=\"async\" class=\"item-image\" src=\"https:\/\/somosorigen.online\/site\/wp-content\/uploads\/2025\/06\/2d53e-46df-8283-f620b12aa619.jpg\" alt=\"\" \/><\/div><\/div><\/div>\n\n\n\n<div class=\"start-move-thumb\"><div class=\"move-thumb-inner\"><div class=\"section-image\"><img decoding=\"async\" class=\"item-image\" src=\"https:\/\/somosorigen.online\/site\/wp-content\/uploads\/2025\/06\/IMG20250321175927.jpg\" alt=\"\" \/><\/div><\/div><\/div>\n\n\n\n<div class=\"start-move-thumb\"><div class=\"move-thumb-inner\"><div class=\"section-image\"><img decoding=\"async\" class=\"item-image\" src=\"https:\/\/somosorigen.online\/site\/wp-content\/uploads\/2025\/06\/IMG_20250219_160000-e1750914242386.jpg\" alt=\"\" \/><\/div><\/div><\/div>\n\n\n\n<div class=\"start-move-thumb\"><div class=\"move-thumb-inner\"><div class=\"section-image\"><img decoding=\"async\" class=\"item-image\" src=\"https:\/\/somosorigen.online\/site\/wp-content\/uploads\/2025\/06\/IMG_20250529_125725-1.jpg\" alt=\"\" \/><\/div><\/div><\/div>\n<\/div><\/div>\n","protected":false},"excerpt":{"rendered":"","protected":false},"author":1,"featured_media":0,"parent":0,"menu_order":0,"comment_status":"closed","ping_status":"closed","template":"","meta":{"_crdt_document":"","footnotes":""},"class_list":["post-3101","page","type-page","status-publish","hentry"],"_links":{"self":[{"href":"https:\/\/somosorigen.online\/site\/wp-json\/wp\/v2\/pages\/3101","targetHints":{"allow":["GET"]}}],"collection":[{"href":"https:\/\/somosorigen.online\/site\/wp-json\/wp\/v2\/pages"}],"about":[{"href":"https:\/\/somosorigen.online\/site\/wp-json\/wp\/v2\/types\/page"}],"author":[{"embeddable":true,"href":"https:\/\/somosorigen.online\/site\/wp-json\/wp\/v2\/users\/1"}],"replies":[{"embeddable":true,"href":"https:\/\/somosorigen.online\/site\/wp-json\/wp\/v2\/comments?post=3101"}],"version-history":[{"count":279,"href":"https:\/\/somosorigen.online\/site\/wp-json\/wp\/v2\/pages\/3101\/revisions"}],"predecessor-version":[{"id":3663,"href":"https:\/\/somosorigen.online\/site\/wp-json\/wp\/v2\/pages\/3101\/revisions\/3663"}],"wp:attachment":[{"href":"https:\/\/somosorigen.online\/site\/wp-json\/wp\/v2\/media?parent=3101"}],"curies":[{"name":"wp","href":"https:\/\/api.w.org\/{rel}","templated":true}]}}