{"id":3129,"date":"2025-05-13T03:22:08","date_gmt":"2025-05-13T03:22:08","guid":{"rendered":"https:\/\/somosorigen.online\/site\/?page_id=3129"},"modified":"2025-06-26T05:18:56","modified_gmt":"2025-06-26T05:18:56","slug":"el-motivo","status":"publish","type":"page","link":"https:\/\/somosorigen.online\/site\/","title":{"rendered":"El motivo"},"content":{"rendered":"\n<div class=\"wp-block-montoya-gutenberg-container content-row dark-section normal\" data-bgcolor=\"#0c0c0c\" style=\"text-align:left\">\n<div style=\"height:100px\" aria-hidden=\"true\" class=\"wp-block-spacer\"><\/div>\n\n\n\n<p class=\"full text-align-center has-mask-fill wp-block-paragraph\" style=\"font-size:60px;font-style:normal;font-weight:300;letter-spacing:6px\">Redefiniendo perspectivas<\/p>\n\n\n\n<div style=\"height:120px\" aria-hidden=\"true\" class=\"wp-block-spacer\"><\/div>\n\n\n\n<div class=\"wp-block-montoya-gutenberg-clipped-image clipped-image-wrapper\"><div class=\"clipped-image-pin\"><div class=\"clipped-image\"><img decoding=\"async\" src=\"https:\/\/somosorigen.online\/site\/wp-content\/uploads\/2025\/05\/1rstFrameHero.png\" alt=\"\"\/><div class=\"content-video-wrapper\"><video class=\"bgvid\" loop muted playsinline><source src=\"https:\/\/somosorigen.online\/open\/WebOrigen_Hero_Video1.mp4\" type=\"video\/mp4\"\/><\/video><\/div><div class=\"clipped-image-gradient\"><\/div><\/div><\/div><div class=\"clipped-image-content content-full-width\"><\/div><\/div>\n<\/div>\n\n\n\n<div style=\"height:150px\" aria-hidden=\"true\" class=\"wp-block-spacer\"><\/div>\n\n\n\n<div class=\"wp-block-montoya-gutenberg-container content-row dark-section normal row_padding_bottom\" data-bgcolor=\"#0c0c0c\" style=\"text-align:left\">\n<h3 class=\"wp-block-heading big-title primary-font-title text-align-center has-mask-fill\" style=\"font-size:150px;font-style:normal;font-weight:100\">El motivo de ser<\/h3>\n\n\n\n<div class=\"wp-block-montoya-gutenberg-container content-row dark-section full\" data-bgcolor=\"#0c0c0c\" style=\"text-align:left\">\n<figure class=\"wp-block-montoya-gutenberg-parallax-image has-parallax has-parallax-content has-animation\" data-delay=\"150\"><img decoding=\"async\" src=\"https:\/\/somosorigen.online\/site\/wp-content\/uploads\/2025\/05\/6.png\" alt=\"\"\/><div class=\"parallax-image-content content-full-width text-align-left\"><div class=\"outer\"><div class=\"inner\">\n<div class=\"wp-block-group\"><div class=\"wp-block-group__inner-container is-layout-constrained wp-block-group-is-layout-constrained\">\n<p class=\"has-drop-cap has-white-color has-text-color has-link-color has-large-font-size wp-elements-304b13aba1c3ead2a3d6014f2dc469e4 tw-block-animation tw-animation-fade-in-up wp-block-paragraph\" style=\"font-style:normal;font-weight:100;letter-spacing:2px\">A lo largo del tiempo, imperios surgieron y desplazaron las formas ancestrales de vivir en armon\u00eda. Con los milenios, esa desconexi\u00f3n creci\u00f3, y ahora hemos olvidamos lo que significa vivir en equilibrio con uno mismo y con el entorno.<br><\/p>\n\n\n\n<p class=\"has-white-color has-text-color has-link-color has-large-font-size wp-elements-00d633dc636463bc1e3aeab744f3346d tw-block-animation tw-animation-fade-in-up wp-block-paragraph\" style=\"font-style:normal;font-weight:100;letter-spacing:2px\">En su lugar, se impuso un enfoque que exalt\u00f3 la mente cient\u00edfico-tecnol\u00f3gica y celebr\u00f3 la conquista, separando el conocimiento del coraz\u00f3n.<br><br>Esta forma de pensar privilegi\u00f3 lo agresivo, lo individualista, lo extractivo. De esta desconexi\u00f3n emergi\u00f3 lo que algunos llaman una &#8220;enfermedad de la mente&#8221;, conocida entre los Lakota como <em>wio<\/em>.<br><br><em>Wio<\/em> es el desequilibrio profundo: la creencia de que est\u00e1 bien tomar, destruir y apropiarse de lo que nunca debi\u00f3 ser pose\u00eddo. Es el ego desbordado, alimentando la explotaci\u00f3n, la mentira, la corrupci\u00f3n, el saqueo. <\/p>\n\n\n\n<p class=\"has-white-color has-text-color has-link-color has-large-font-size wp-elements-866fbaf6bef124bd31b53863a1e17d4a tw-block-animation tw-animation-fade-in-up wp-block-paragraph\" style=\"font-style:normal;font-weight:100;letter-spacing:2px\">Sin embargo, actualmente el mundo est\u00e1 cambiando. Las grietas en esa historia se hacen visibles. Nos damos cuenta de que estamos enfermos, y que la \u00fanica cura posible es volver a mirar hacia atr\u00e1s. No para quedarnos ah\u00ed, sino para rescatar lo que fue olvidado.<br><br>Podemos y debemos aprovechar los conocimientos y herramientas que hemos adquirido. Pero tambi\u00e9n es vital honrar las ense\u00f1anzas y la sabidur\u00eda de quienes vivieron con la Tierra, no por encima de ella.<\/p>\n\n\n\n<p class=\"has-white-color has-text-color has-link-color has-large-font-size wp-elements-19b4bd2f3daa075623c91f1abe87c3e9 tw-block-animation tw-animation-fade-in-up wp-block-paragraph\" style=\"font-style:normal;font-weight:100;letter-spacing:2px\">Creemos que recordar implica mirar con claridad. Por eso, abrimos espacio para voces que rompen esquemas, exponen lo oculto o revelan verdades incomodas o encubiertas. Testimonios que, aunque disonantes, brotan desde un lugar de conciencia. Voces que alumbran lo que ha estado en sombra. Porque sanar no es solo volver al pasado, sino entender por qu\u00e9 nos alejamos de \u00e9l.<\/p>\n<\/div><\/div>\n<\/div><\/div><\/div><\/figure>\n<\/div>\n<\/div>\n","protected":false},"excerpt":{"rendered":"","protected":false},"author":1,"featured_media":0,"parent":0,"menu_order":0,"comment_status":"closed","ping_status":"closed","template":"","meta":{"_crdt_document":"","footnotes":""},"class_list":["post-3129","page","type-page","status-publish","hentry"],"_links":{"self":[{"href":"https:\/\/somosorigen.online\/site\/wp-json\/wp\/v2\/pages\/3129","targetHints":{"allow":["GET"]}}],"collection":[{"href":"https:\/\/somosorigen.online\/site\/wp-json\/wp\/v2\/pages"}],"about":[{"href":"https:\/\/somosorigen.online\/site\/wp-json\/wp\/v2\/types\/page"}],"author":[{"embeddable":true,"href":"https:\/\/somosorigen.online\/site\/wp-json\/wp\/v2\/users\/1"}],"replies":[{"embeddable":true,"href":"https:\/\/somosorigen.online\/site\/wp-json\/wp\/v2\/comments?post=3129"}],"version-history":[{"count":84,"href":"https:\/\/somosorigen.online\/site\/wp-json\/wp\/v2\/pages\/3129\/revisions"}],"predecessor-version":[{"id":3662,"href":"https:\/\/somosorigen.online\/site\/wp-json\/wp\/v2\/pages\/3129\/revisions\/3662"}],"wp:attachment":[{"href":"https:\/\/somosorigen.online\/site\/wp-json\/wp\/v2\/media?parent=3129"}],"curies":[{"name":"wp","href":"https:\/\/api.w.org\/{rel}","templated":true}]}}